{"id":424,"date":"2022-01-14T00:00:09","date_gmt":"2022-01-13T23:00:09","guid":{"rendered":"https:\/\/valpack.hr\/partnerji\/"},"modified":"2022-02-24T13:57:56","modified_gmt":"2022-02-24T12:57:56","slug":"partnerji","status":"publish","type":"page","link":"https:\/\/valpack.hr\/sl\/partnerji\/","title":{"rendered":"Partnerji"},"content":{"rendered":"\t\t<div data-elementor-type=\"wp-page\" data-elementor-id=\"424\" class=\"elementor elementor-424 elementor-30\" data-elementor-post-type=\"page\">\n\t\t\t\t\t\t<section class=\"elementor-section elementor-top-section elementor-element elementor-element-eca270c elementor-section-boxed elementor-section-height-default elementor-section-height-default\" data-id=\"eca270c\" data-element_type=\"section\" data-e-type=\"section\">\n\t\t\t\t\t\t<div class=\"elementor-container elementor-column-gap-default\">\n\t\t\t\t\t<div class=\"elementor-column elementor-col-100 elementor-top-column elementor-element elementor-element-123ce6b\" data-id=\"123ce6b\" data-element_type=\"column\" data-e-type=\"column\">\n\t\t\t<div class=\"elementor-widget-wrap elementor-element-populated\">\n\t\t\t\t\t\t<div class=\"elementor-element elementor-element-c83f0d1 elementor-widget elementor-widget-jet-scroll-navigation\" data-id=\"c83f0d1\" data-element_type=\"widget\" data-e-type=\"widget\" data-widget_type=\"jet-scroll-navigation.default\">\n\t\t\t\t<div class=\"elementor-widget-container\">\n\t\t\t\t\t<div class=\"elementor-jet-scroll-navigation jet-elements\"><div class=\"jet-scroll-navigation jet-scroll-navigation--position-right jet-scroll-navigation--show-hint-on-hover\" data-settings='{&quot;position&quot;:&quot;right&quot;,&quot;offset&quot;:0,&quot;scroll_threshold&quot;:5,&quot;sectionSwitch&quot;:false,&quot;sectionSwitchOnMobile&quot;:false,&quot;hintShowType&quot;:&quot;show-hint-on-hover&quot;,&quot;sectionIdVisibility&quot;:false}'><div class=\"jet-scroll-navigation__inner\">\n<div class=\"jet-scroll-navigation__item\" data-anchor=\"harro\" data-invert=\"no\">\n\t<div class=\"jet-scroll-navigation__dot\">\t<\/div>\n\t<div class=\"jet-scroll-navigation__item-hint\"><span class=\"jet-scroll-navigation__label\">Harro H\u00f6fliger<\/span>\t<\/div>\n<\/div>\n\n<div class=\"jet-scroll-navigation__item\" data-anchor=\"fette\" data-invert=\"no\">\n\t<div class=\"jet-scroll-navigation__dot\">\t<\/div>\n\t<div class=\"jet-scroll-navigation__item-hint\"><span class=\"jet-scroll-navigation__label\">Fette Compacting<\/span>\t<\/div>\n<\/div>\n\n<div class=\"jet-scroll-navigation__item\" data-anchor=\"lb\" data-invert=\"no\">\n\t<div class=\"jet-scroll-navigation__dot\">\t<\/div>\n\t<div class=\"jet-scroll-navigation__item-hint\"><span class=\"jet-scroll-navigation__label\">L.B. Bohle Maschinen und Verfahren GmbH<\/span>\t<\/div>\n<\/div>\n\n<div class=\"jet-scroll-navigation__item\" data-anchor=\"dara\" data-invert=\"no\">\n\t<div class=\"jet-scroll-navigation__dot\">\t<\/div>\n\t<div class=\"jet-scroll-navigation__item-hint\"><span class=\"jet-scroll-navigation__label\">Dara Pharmaceutical Packaging<\/span>\t<\/div>\n<\/div>\n\n<div class=\"jet-scroll-navigation__item\" data-anchor=\"ett\" data-invert=\"no\">\n\t<div class=\"jet-scroll-navigation__dot\">\t<\/div>\n\t<div class=\"jet-scroll-navigation__item-hint\"><span class=\"jet-scroll-navigation__label\">ETT Verpackungstechnik Gmbh<\/span>\t<\/div>\n<\/div>\n\n<\/div>\n<\/div>\n<\/div>\t\t\t\t<\/div>\n\t\t\t\t<\/div>\n\t\t\t\t\t<\/div>\n\t\t<\/div>\n\t\t\t\t\t<\/div>\n\t\t<\/section>\n\t\t\t\t<section class=\"elementor-section elementor-top-section elementor-element elementor-element-9368161 elementor-section-full_width elementor-section-content-middle elementor-section-height-default elementor-section-height-default\" data-id=\"9368161\" data-element_type=\"section\" data-e-type=\"section\" id=\"harro\">\n\t\t\t\t\t\t<div class=\"elementor-container elementor-column-gap-no\">\n\t\t\t\t\t<div class=\"elementor-column elementor-col-50 elementor-top-column elementor-element elementor-element-598e35f\" data-id=\"598e35f\" data-element_type=\"column\" data-e-type=\"column\" data-settings=\"{&quot;background_background&quot;:&quot;classic&quot;}\">\n\t\t\t<div class=\"elementor-widget-wrap elementor-element-populated\">\n\t\t\t\t\t\t<div class=\"elementor-element elementor-element-bf6e537 elementor-widget__width-initial elementor-widget elementor-widget-text-editor\" data-id=\"bf6e537\" data-element_type=\"widget\" data-e-type=\"widget\" data-widget_type=\"text-editor.default\">\n\t\t\t\t<div class=\"elementor-widget-container\">\n\t\t\t\t\t\t\t\t\t<h2>Harro H\u00f6fliger<\/h2>\n<p><strong>\u00a0<\/strong><\/p>\n<p><strong>Helmholtzstra\u00dfe 4<\/strong><br \/>\n<strong>71573 Allmersbach im Tal<\/strong><br \/>\n<strong>Deutschland<\/strong><\/p>\n<p><b>Vodilne svetovne tehnologije iz enega vira<\/b><\/p>\n<p>Kot dobavitelj strojev in sistemov, specifi\u010dnih za kupca, imamo vsakodnevni izziv poiskati kreativne re\u0161itve za proizvodnjo in pakiranje popolnoma novih izdelkov in dozirnih oblik. V ve\u010d kot 40-letni zgodovini podjetja je Harro H\u00f6fliger razvil klju\u010dne procese na \u0161tevilnih podro\u010djih ter je po vsem svetu znan kot inovator. Inteligentna kombinacija na\u0161ih osnovnih tehnologij vam daje visokotehnolo\u0161ke re\u0161itve za izdelke in naprave v \u0161tevilnih tr\u017enih segmentih.<\/p>\n<p><b>Na\u0161e klju\u010dne tehnologije vklju\u010dujejo:<\/b><\/p>\n<ul>\n<li>Kapsulacija<\/li>\n<li>Mikrodoziranje pra\u0161kov in teko\u010din za medicinsko in farmacevtsko uporabo<\/li>\n<li>Izdelava izdelkov iz filma z ve\u010dplastno strukturo<\/li>\n<li>Proizvodnja porcijske embala\u017ee za potro\u0161ni\u0161ki sektor<\/li>\n<li>Re\u0161itve za sestavljanje medicinskih in farmacevtskih pripomo\u010dkov<\/li>\n<li>Celoviti sistemi na klju\u010d z integriranimi re\u0161itvami za pakiranje<\/li>\n<li>Kombinacija standardnih strojev, tehnologij platform in proizvodnih procesov<\/li>\n<\/ul>\n\t\t\t\t\t\t\t\t<\/div>\n\t\t\t\t<\/div>\n\t\t\t\t<div class=\"elementor-element elementor-element-98886f4 elementor-widget__width-initial elementor-widget elementor-widget-button\" data-id=\"98886f4\" data-element_type=\"widget\" data-e-type=\"widget\" data-widget_type=\"button.default\">\n\t\t\t\t<div class=\"elementor-widget-container\">\n\t\t\t\t\t\t\t\t\t<div class=\"elementor-button-wrapper\">\n\t\t\t\t\t<a class=\"elementor-button elementor-button-link elementor-size-sm\" href=\"https:\/\/www.hoefliger.com\" target=\"_blank\">\n\t\t\t\t\t\t<span class=\"elementor-button-content-wrapper\">\n\t\t\t\t\t\t\t\t\t<span class=\"elementor-button-text\">www.hoefliger.com<\/span>\n\t\t\t\t\t<\/span>\n\t\t\t\t\t<\/a>\n\t\t\t\t<\/div>\n\t\t\t\t\t\t\t\t<\/div>\n\t\t\t\t<\/div>\n\t\t\t\t\t<\/div>\n\t\t<\/div>\n\t\t\t\t<div class=\"elementor-column elementor-col-50 elementor-top-column elementor-element elementor-element-6babf8a\" data-id=\"6babf8a\" data-element_type=\"column\" data-e-type=\"column\" data-settings=\"{&quot;background_background&quot;:&quot;classic&quot;}\">\n\t\t\t<div class=\"elementor-widget-wrap elementor-element-populated\">\n\t\t\t\t\t\t<div class=\"elementor-element elementor-element-1bc3b61 elementor-widget__width-auto elementor-widget elementor-widget-image\" data-id=\"1bc3b61\" data-element_type=\"widget\" data-e-type=\"widget\" data-widget_type=\"image.default\">\n\t\t\t\t<div class=\"elementor-widget-container\">\n\t\t\t\t\t\t\t\t\t\t\t\t\t\t\t\t<a href=\"https:\/\/www.hoefliger.com\" target=\"_blank\">\n\t\t\t\t\t\t\t<img fetchpriority=\"high\" decoding=\"async\" width=\"567\" height=\"139\" src=\"https:\/\/valpack.hr\/wp-content\/uploads\/2022\/01\/iu-1.jpeg\" class=\"attachment-full size-full wp-image-407\" alt=\"\" srcset=\"https:\/\/valpack.hr\/wp-content\/uploads\/2022\/01\/iu-1.jpeg 567w, https:\/\/valpack.hr\/wp-content\/uploads\/2022\/01\/iu-1-300x74.jpeg 300w\" sizes=\"(max-width: 567px) 100vw, 567px\" \/>\t\t\t\t\t\t\t\t<\/a>\n\t\t\t\t\t\t\t\t\t\t\t\t\t\t\t<\/div>\n\t\t\t\t<\/div>\n\t\t\t\t<div class=\"elementor-element elementor-element-ff51c80 elementor-widget elementor-widget-image\" data-id=\"ff51c80\" data-element_type=\"widget\" data-e-type=\"widget\" data-widget_type=\"image.default\">\n\t\t\t\t<div class=\"elementor-widget-container\">\n\t\t\t\t\t\t\t\t\t\t\t\t\t\t\t\t<a href=\"https:\/\/www.hoefliger.com\" target=\"_blank\">\n\t\t\t\t\t\t\t<img decoding=\"async\" width=\"300\" height=\"50\" src=\"https:\/\/valpack.hr\/wp-content\/uploads\/2022\/02\/all-you-need.png\" class=\"attachment-large size-large wp-image-418\" alt=\"\" \/>\t\t\t\t\t\t\t\t<\/a>\n\t\t\t\t\t\t\t\t\t\t\t\t\t\t\t<\/div>\n\t\t\t\t<\/div>\n\t\t\t\t\t<\/div>\n\t\t<\/div>\n\t\t\t\t\t<\/div>\n\t\t<\/section>\n\t\t\t\t<section class=\"elementor-section elementor-top-section elementor-element elementor-element-8374b01 elementor-section-full_width elementor-section-content-middle elementor-section-height-default elementor-section-height-default\" data-id=\"8374b01\" data-element_type=\"section\" data-e-type=\"section\" id=\"fette\">\n\t\t\t\t\t\t<div class=\"elementor-container elementor-column-gap-no\">\n\t\t\t\t\t<div class=\"elementor-column elementor-col-50 elementor-top-column elementor-element elementor-element-5419400\" data-id=\"5419400\" data-element_type=\"column\" data-e-type=\"column\" data-settings=\"{&quot;background_background&quot;:&quot;classic&quot;}\">\n\t\t\t<div class=\"elementor-widget-wrap elementor-element-populated\">\n\t\t\t\t\t\t<div class=\"elementor-element elementor-element-9dda910 elementor-widget__width-auto elementor-widget elementor-widget-image\" data-id=\"9dda910\" data-element_type=\"widget\" data-e-type=\"widget\" data-widget_type=\"image.default\">\n\t\t\t\t<div class=\"elementor-widget-container\">\n\t\t\t\t\t\t\t\t\t\t\t\t\t\t\t\t<a href=\"https:\/\/www.fette-compacting.com\/\" target=\"_blank\">\n\t\t\t\t\t\t\t<img decoding=\"async\" width=\"800\" height=\"285\" src=\"https:\/\/valpack.hr\/wp-content\/uploads\/2022\/01\/Fette-Compacting-logo.png\" class=\"attachment-full size-full wp-image-408\" alt=\"\" srcset=\"https:\/\/valpack.hr\/wp-content\/uploads\/2022\/01\/Fette-Compacting-logo.png 800w, https:\/\/valpack.hr\/wp-content\/uploads\/2022\/01\/Fette-Compacting-logo-300x107.png 300w, https:\/\/valpack.hr\/wp-content\/uploads\/2022\/01\/Fette-Compacting-logo-768x274.png 768w\" sizes=\"(max-width: 800px) 100vw, 800px\" \/>\t\t\t\t\t\t\t\t<\/a>\n\t\t\t\t\t\t\t\t\t\t\t\t\t\t\t<\/div>\n\t\t\t\t<\/div>\n\t\t\t\t\t<\/div>\n\t\t<\/div>\n\t\t\t\t<div class=\"elementor-column elementor-col-50 elementor-top-column elementor-element elementor-element-d0e20ed\" data-id=\"d0e20ed\" data-element_type=\"column\" data-e-type=\"column\" data-settings=\"{&quot;background_background&quot;:&quot;classic&quot;}\">\n\t\t\t<div class=\"elementor-widget-wrap elementor-element-populated\">\n\t\t\t\t\t\t<div class=\"elementor-element elementor-element-188db3f elementor-widget__width-initial elementor-widget elementor-widget-text-editor\" data-id=\"188db3f\" data-element_type=\"widget\" data-e-type=\"widget\" data-widget_type=\"text-editor.default\">\n\t\t\t\t<div class=\"elementor-widget-container\">\n\t\t\t\t\t\t\t\t\t<h2>Fette Compacting<\/h2>\n<p><strong>\u00a0<\/strong><\/p>\n<p><strong>Fette Compacting GmbH<\/strong><br \/>\n<strong>Grabauer Stra\u00dfe 24<\/strong><br \/>\n<strong>D-21493 Schwarzenbek<\/strong><\/p>\n<p>Z ve\u010d kot 5.000 name\u0161\u010denimi stroji je Fette Compacting vodilni na svetovnem trgu stiskalnic za tablete v farmacevtski industriji. Tudi na podro\u010dju polnjenja kapsul Fette Compacting postavlja najve\u010dje standarde u\u010dinkovitosti &#8211; z izhodno prostornino do 400.000 kapsul na uro.<\/p>\n<p>Fette Compacting ima sede\u017e v Schwarzenbecku blizu Hamburga. Podjetje upravlja \u0161e en proizvodni obrat v Nanjingu na Kitajskem. Fette Compacting je \u010dlan Excellence United \u2013 zveze vodilnih dru\u017einskih podjetij na podro\u010dju posebnega strojni\u0161tva za farmacevtsko industrijo.<\/p>\n\t\t\t\t\t\t\t\t<\/div>\n\t\t\t\t<\/div>\n\t\t\t\t<div class=\"elementor-element elementor-element-3cf9fd2 elementor-widget__width-initial elementor-widget elementor-widget-button\" data-id=\"3cf9fd2\" data-element_type=\"widget\" data-e-type=\"widget\" data-widget_type=\"button.default\">\n\t\t\t\t<div class=\"elementor-widget-container\">\n\t\t\t\t\t\t\t\t\t<div class=\"elementor-button-wrapper\">\n\t\t\t\t\t<a class=\"elementor-button elementor-button-link elementor-size-sm\" href=\"https:\/\/www.fette-compacting.com\/\" target=\"_blank\">\n\t\t\t\t\t\t<span class=\"elementor-button-content-wrapper\">\n\t\t\t\t\t\t\t\t\t<span class=\"elementor-button-text\">www.fette-compacting.com<\/span>\n\t\t\t\t\t<\/span>\n\t\t\t\t\t<\/a>\n\t\t\t\t<\/div>\n\t\t\t\t\t\t\t\t<\/div>\n\t\t\t\t<\/div>\n\t\t\t\t\t<\/div>\n\t\t<\/div>\n\t\t\t\t\t<\/div>\n\t\t<\/section>\n\t\t\t\t<section class=\"elementor-section elementor-top-section elementor-element elementor-element-04488e7 elementor-section-full_width elementor-section-content-middle elementor-section-height-default elementor-section-height-default\" data-id=\"04488e7\" data-element_type=\"section\" data-e-type=\"section\" id=\"lb\">\n\t\t\t\t\t\t<div class=\"elementor-container elementor-column-gap-no\">\n\t\t\t\t\t<div class=\"elementor-column elementor-col-50 elementor-top-column elementor-element elementor-element-6736c35\" data-id=\"6736c35\" data-element_type=\"column\" data-e-type=\"column\" data-settings=\"{&quot;background_background&quot;:&quot;classic&quot;}\">\n\t\t\t<div class=\"elementor-widget-wrap elementor-element-populated\">\n\t\t\t\t\t\t<div class=\"elementor-element elementor-element-18c7086 elementor-widget__width-initial elementor-widget elementor-widget-text-editor\" data-id=\"18c7086\" data-element_type=\"widget\" data-e-type=\"widget\" data-widget_type=\"text-editor.default\">\n\t\t\t\t<div class=\"elementor-widget-container\">\n\t\t\t\t\t\t\t\t\t<h2>L.B. Bohle Maschinen und Verfahren GmbH<\/h2>\n<p><strong>Industriestra\u00dfe 18<\/strong><br \/>\n<strong>D-59320 Ennigerloh<\/strong><\/p>\n<p>L.B. Bohle je najbolj inovativno tehnolo\u0161ko podjetje pri na\u010drtovanju in implementaciji strojev in procesov za proizvodnjo farmacevtskih trdnih snovi. Kot tehnolo\u0161ki lider na podro\u010dju strojev, sistemov in procesov za proizvodnjo farmacevtskih tablet ponujamo individualne ali celovite re\u0161itve za celoten proizvodni proces.<\/p>\n\t\t\t\t\t\t\t\t<\/div>\n\t\t\t\t<\/div>\n\t\t\t\t<div class=\"elementor-element elementor-element-f8505a4 elementor-widget__width-initial elementor-widget elementor-widget-button\" data-id=\"f8505a4\" data-element_type=\"widget\" data-e-type=\"widget\" data-widget_type=\"button.default\">\n\t\t\t\t<div class=\"elementor-widget-container\">\n\t\t\t\t\t\t\t\t\t<div class=\"elementor-button-wrapper\">\n\t\t\t\t\t<a class=\"elementor-button elementor-button-link elementor-size-sm\" href=\"https:\/\/lbbohle.com\" target=\"_blank\">\n\t\t\t\t\t\t<span class=\"elementor-button-content-wrapper\">\n\t\t\t\t\t\t\t\t\t<span class=\"elementor-button-text\">lbbohle.com<\/span>\n\t\t\t\t\t<\/span>\n\t\t\t\t\t<\/a>\n\t\t\t\t<\/div>\n\t\t\t\t\t\t\t\t<\/div>\n\t\t\t\t<\/div>\n\t\t\t\t\t<\/div>\n\t\t<\/div>\n\t\t\t\t<div class=\"elementor-column elementor-col-50 elementor-top-column elementor-element elementor-element-435a915\" data-id=\"435a915\" data-element_type=\"column\" data-e-type=\"column\" data-settings=\"{&quot;background_background&quot;:&quot;classic&quot;}\">\n\t\t\t<div class=\"elementor-widget-wrap elementor-element-populated\">\n\t\t\t\t\t\t<div class=\"elementor-element elementor-element-296f874 elementor-widget__width-auto elementor-widget elementor-widget-image\" data-id=\"296f874\" data-element_type=\"widget\" data-e-type=\"widget\" data-widget_type=\"image.default\">\n\t\t\t\t<div class=\"elementor-widget-container\">\n\t\t\t\t\t\t\t\t\t\t\t\t\t\t\t\t<a href=\"https:\/\/lbbohle.com\" target=\"_blank\">\n\t\t\t\t\t\t\t<img loading=\"lazy\" decoding=\"async\" width=\"600\" height=\"106\" src=\"https:\/\/valpack.hr\/wp-content\/uploads\/2022\/01\/lb-bohle-logo.png\" class=\"attachment-full size-full wp-image-409\" alt=\"\" srcset=\"https:\/\/valpack.hr\/wp-content\/uploads\/2022\/01\/lb-bohle-logo.png 600w, https:\/\/valpack.hr\/wp-content\/uploads\/2022\/01\/lb-bohle-logo-300x53.png 300w\" sizes=\"(max-width: 600px) 100vw, 600px\" \/>\t\t\t\t\t\t\t\t<\/a>\n\t\t\t\t\t\t\t\t\t\t\t\t\t\t\t<\/div>\n\t\t\t\t<\/div>\n\t\t\t\t\t<\/div>\n\t\t<\/div>\n\t\t\t\t\t<\/div>\n\t\t<\/section>\n\t\t\t\t<section class=\"elementor-section elementor-top-section elementor-element elementor-element-b08a3cb elementor-section-full_width elementor-section-content-middle elementor-section-height-default elementor-section-height-default\" data-id=\"b08a3cb\" data-element_type=\"section\" data-e-type=\"section\" id=\"dara\">\n\t\t\t\t\t\t<div class=\"elementor-container elementor-column-gap-no\">\n\t\t\t\t\t<div class=\"elementor-column elementor-col-50 elementor-top-column elementor-element elementor-element-7237e15\" data-id=\"7237e15\" data-element_type=\"column\" data-e-type=\"column\" data-settings=\"{&quot;background_background&quot;:&quot;classic&quot;}\">\n\t\t\t<div class=\"elementor-widget-wrap elementor-element-populated\">\n\t\t\t\t\t\t<div class=\"elementor-element elementor-element-65f2693 elementor-widget__width-auto elementor-widget elementor-widget-image\" data-id=\"65f2693\" data-element_type=\"widget\" data-e-type=\"widget\" data-widget_type=\"image.default\">\n\t\t\t\t<div class=\"elementor-widget-container\">\n\t\t\t\t\t\t\t\t\t\t\t\t\t\t\t\t<a href=\"https:\/\/www.dara-pharma.com\" target=\"_blank\">\n\t\t\t\t\t\t\t<img loading=\"lazy\" decoding=\"async\" width=\"2804\" height=\"680\" src=\"https:\/\/valpack.hr\/wp-content\/uploads\/2022\/02\/Logo-Dara.png\" class=\"attachment-full size-full wp-image-417\" alt=\"\" srcset=\"https:\/\/valpack.hr\/wp-content\/uploads\/2022\/02\/Logo-Dara.png 2804w, https:\/\/valpack.hr\/wp-content\/uploads\/2022\/02\/Logo-Dara-300x73.png 300w, https:\/\/valpack.hr\/wp-content\/uploads\/2022\/02\/Logo-Dara-1024x248.png 1024w, https:\/\/valpack.hr\/wp-content\/uploads\/2022\/02\/Logo-Dara-768x186.png 768w, https:\/\/valpack.hr\/wp-content\/uploads\/2022\/02\/Logo-Dara-1536x372.png 1536w, https:\/\/valpack.hr\/wp-content\/uploads\/2022\/02\/Logo-Dara-2048x497.png 2048w\" sizes=\"(max-width: 2804px) 100vw, 2804px\" \/>\t\t\t\t\t\t\t\t<\/a>\n\t\t\t\t\t\t\t\t\t\t\t\t\t\t\t<\/div>\n\t\t\t\t<\/div>\n\t\t\t\t\t<\/div>\n\t\t<\/div>\n\t\t\t\t<div class=\"elementor-column elementor-col-50 elementor-top-column elementor-element elementor-element-070ef93\" data-id=\"070ef93\" data-element_type=\"column\" data-e-type=\"column\" data-settings=\"{&quot;background_background&quot;:&quot;classic&quot;}\">\n\t\t\t<div class=\"elementor-widget-wrap elementor-element-populated\">\n\t\t\t\t\t\t<div class=\"elementor-element elementor-element-c12b88b elementor-widget__width-initial elementor-widget elementor-widget-text-editor\" data-id=\"c12b88b\" data-element_type=\"widget\" data-e-type=\"widget\" data-widget_type=\"text-editor.default\">\n\t\t\t\t<div class=\"elementor-widget-container\">\n\t\t\t\t\t\t\t\t\t<h2>Dara Pharmaceutical Packaging<\/h2>\n<p><strong>\u00a0<\/strong><\/p>\n<p><strong>Pol. Ind. Coll de la Manya<\/strong><br \/>\n<strong>Galileo Galilei, 5-19 \u00b7 08403 Granollers<\/strong><br \/>\n<strong>Barcelona \u00b7 Spain<\/strong><\/p>\n<p>Dara Pharma na\u010drtuje, razvija in izdeluje stroje za pranje, sterilizacijo, polnjenje, su\u0161enje, liofilizacijo in zapiranje steklenic, brizg, kartu\u0161 in IV vre\u010dk za obdelavo teko\u010dih, poltrdih izdelkov in pra\u0161kov v sterilnih pogojih.<\/p>\n\t\t\t\t\t\t\t\t<\/div>\n\t\t\t\t<\/div>\n\t\t\t\t<div class=\"elementor-element elementor-element-a112762 elementor-widget__width-initial elementor-widget elementor-widget-button\" data-id=\"a112762\" data-element_type=\"widget\" data-e-type=\"widget\" data-widget_type=\"button.default\">\n\t\t\t\t<div class=\"elementor-widget-container\">\n\t\t\t\t\t\t\t\t\t<div class=\"elementor-button-wrapper\">\n\t\t\t\t\t<a class=\"elementor-button elementor-button-link elementor-size-sm\" href=\"https:\/\/www.dara-pharma.com\" target=\"_blank\">\n\t\t\t\t\t\t<span class=\"elementor-button-content-wrapper\">\n\t\t\t\t\t\t\t\t\t<span class=\"elementor-button-text\">www.dara-pharma.com<\/span>\n\t\t\t\t\t<\/span>\n\t\t\t\t\t<\/a>\n\t\t\t\t<\/div>\n\t\t\t\t\t\t\t\t<\/div>\n\t\t\t\t<\/div>\n\t\t\t\t\t<\/div>\n\t\t<\/div>\n\t\t\t\t\t<\/div>\n\t\t<\/section>\n\t\t\t\t<section class=\"elementor-section elementor-top-section elementor-element elementor-element-7f6cd76 elementor-section-full_width elementor-section-content-middle elementor-section-height-default elementor-section-height-default\" data-id=\"7f6cd76\" data-element_type=\"section\" data-e-type=\"section\" id=\"ett\">\n\t\t\t\t\t\t<div class=\"elementor-container elementor-column-gap-no\">\n\t\t\t\t\t<div class=\"elementor-column elementor-col-50 elementor-top-column elementor-element elementor-element-ef458bb\" data-id=\"ef458bb\" data-element_type=\"column\" data-e-type=\"column\" data-settings=\"{&quot;background_background&quot;:&quot;classic&quot;}\">\n\t\t\t<div class=\"elementor-widget-wrap elementor-element-populated\">\n\t\t\t\t\t\t<div class=\"elementor-element elementor-element-063cc8c elementor-widget__width-initial elementor-widget elementor-widget-text-editor\" data-id=\"063cc8c\" data-element_type=\"widget\" data-e-type=\"widget\" data-widget_type=\"text-editor.default\">\n\t\t\t\t<div class=\"elementor-widget-container\">\n\t\t\t\t\t\t\t\t\t<h2>ETT Verpackungstechnik GmbH<\/h2>\n<p><strong>\u00a0<\/strong><\/p>\n<p><strong>Schafanger 34<\/strong><br \/>\n<strong>37186 Moringen<\/strong><br \/>\n<strong>Deutschland<\/strong><\/p>\n<p><strong>Strojevi za pakiranje ETT \u2013 pakiranje u kutije na kraju proizvodne linije<\/strong><\/p>\n<p>ETT sistemi za pakiranje v \u0161katle na koncu proizvodne linije so zasnovani modularno: stroji za oblikovanje \u0161katel, stroji za oblikovanje kartonskih blazinic, zavijanje kartona, lepljenje \u0161katel, vstavljanje izdelkov od zgoraj (topload) so zdru\u017eeni za vsako individualno prilagojeno re\u0161itev.<\/p>\n\t\t\t\t\t\t\t\t<\/div>\n\t\t\t\t<\/div>\n\t\t\t\t<div class=\"elementor-element elementor-element-8949650 elementor-widget__width-initial elementor-widget elementor-widget-button\" data-id=\"8949650\" data-element_type=\"widget\" data-e-type=\"widget\" data-widget_type=\"button.default\">\n\t\t\t\t<div class=\"elementor-widget-container\">\n\t\t\t\t\t\t\t\t\t<div class=\"elementor-button-wrapper\">\n\t\t\t\t\t<a class=\"elementor-button elementor-button-link elementor-size-sm\" href=\"https:\/\/www.ett.de\/home\/\" target=\"_blank\">\n\t\t\t\t\t\t<span class=\"elementor-button-content-wrapper\">\n\t\t\t\t\t\t\t\t\t<span class=\"elementor-button-text\">www.ett.de<\/span>\n\t\t\t\t\t<\/span>\n\t\t\t\t\t<\/a>\n\t\t\t\t<\/div>\n\t\t\t\t\t\t\t\t<\/div>\n\t\t\t\t<\/div>\n\t\t\t\t\t<\/div>\n\t\t<\/div>\n\t\t\t\t<div class=\"elementor-column elementor-col-50 elementor-top-column elementor-element elementor-element-7792be7\" data-id=\"7792be7\" data-element_type=\"column\" data-e-type=\"column\" data-settings=\"{&quot;background_background&quot;:&quot;classic&quot;}\">\n\t\t\t<div class=\"elementor-widget-wrap elementor-element-populated\">\n\t\t\t\t\t\t<div class=\"elementor-element elementor-element-27f432e elementor-widget__width-auto elementor-widget elementor-widget-image\" data-id=\"27f432e\" data-element_type=\"widget\" data-e-type=\"widget\" data-widget_type=\"image.default\">\n\t\t\t\t<div class=\"elementor-widget-container\">\n\t\t\t\t\t\t\t\t\t\t\t\t\t\t\t\t<a href=\"https:\/\/www.ett.de\/home\/\" target=\"_blank\">\n\t\t\t\t\t\t\t<img loading=\"lazy\" decoding=\"async\" width=\"474\" height=\"121\" src=\"https:\/\/valpack.hr\/wp-content\/uploads\/2022\/01\/logo-ett.png\" class=\"attachment-full size-full wp-image-411\" alt=\"\" srcset=\"https:\/\/valpack.hr\/wp-content\/uploads\/2022\/01\/logo-ett.png 474w, https:\/\/valpack.hr\/wp-content\/uploads\/2022\/01\/logo-ett-300x77.png 300w\" sizes=\"(max-width: 474px) 100vw, 474px\" \/>\t\t\t\t\t\t\t\t<\/a>\n\t\t\t\t\t\t\t\t\t\t\t\t\t\t\t<\/div>\n\t\t\t\t<\/div>\n\t\t\t\t\t<\/div>\n\t\t<\/div>\n\t\t\t\t\t<\/div>\n\t\t<\/section>\n\t\t\t\t<\/div>\n\t\t","protected":false},"excerpt":{"rendered":"<p>Harro H\u00f6fliger Fette Compacting L.B. Bohle Maschinen und Verfahren GmbH Dara Pharmaceutical Packaging ETT Verpackungstechnik Gmbh Harro H\u00f6fliger \u00a0 Helmholtzstra\u00dfe 4 71573 Allmersbach im Tal Deutschland Vodilne svetovne tehnologije iz enega vira Kot dobavitelj strojev in sistemov, specifi\u010dnih za kupca, imamo vsakodnevni izziv poiskati kreativne re\u0161itve za proizvodnjo in pakiranje popolnoma novih izdelkov in dozirnih [&hellip;]<\/p>\n","protected":false},"author":1,"featured_media":0,"parent":0,"menu_order":2,"comment_status":"closed","ping_status":"closed","template":"","meta":{"footnotes":""},"class_list":["post-424","page","type-page","status-publish","hentry"],"_links":{"self":[{"href":"https:\/\/valpack.hr\/sl\/wp-json\/wp\/v2\/pages\/424","targetHints":{"allow":["GET"]}}],"collection":[{"href":"https:\/\/valpack.hr\/sl\/wp-json\/wp\/v2\/pages"}],"about":[{"href":"https:\/\/valpack.hr\/sl\/wp-json\/wp\/v2\/types\/page"}],"author":[{"embeddable":true,"href":"https:\/\/valpack.hr\/sl\/wp-json\/wp\/v2\/users\/1"}],"replies":[{"embeddable":true,"href":"https:\/\/valpack.hr\/sl\/wp-json\/wp\/v2\/comments?post=424"}],"version-history":[{"count":1,"href":"https:\/\/valpack.hr\/sl\/wp-json\/wp\/v2\/pages\/424\/revisions"}],"predecessor-version":[{"id":425,"href":"https:\/\/valpack.hr\/sl\/wp-json\/wp\/v2\/pages\/424\/revisions\/425"}],"wp:attachment":[{"href":"https:\/\/valpack.hr\/sl\/wp-json\/wp\/v2\/media?parent=424"}],"curies":[{"name":"wp","href":"https:\/\/api.w.org\/{rel}","templated":true}]}}