{"id":422,"date":"2022-01-13T23:59:53","date_gmt":"2022-01-13T22:59:53","guid":{"rendered":"https:\/\/valpack.hr\/o-nas\/"},"modified":"2022-02-24T13:51:31","modified_gmt":"2022-02-24T12:51:31","slug":"o-nas","status":"publish","type":"page","link":"https:\/\/valpack.hr\/sl\/o-nas\/","title":{"rendered":"O nas"},"content":{"rendered":"\t\t<div data-elementor-type=\"wp-page\" data-elementor-id=\"422\" class=\"elementor elementor-422 elementor-28\" data-elementor-post-type=\"page\">\n\t\t\t\t\t\t<section class=\"elementor-section elementor-top-section elementor-element elementor-element-d8044d0 elementor-section-full_width elementor-section-height-default elementor-section-height-default\" data-id=\"d8044d0\" data-element_type=\"section\" data-e-type=\"section\">\n\t\t\t\t\t\t<div class=\"elementor-container elementor-column-gap-no\">\n\t\t\t\t\t<div class=\"elementor-column elementor-col-50 elementor-top-column elementor-element elementor-element-14949ae\" data-id=\"14949ae\" data-element_type=\"column\" data-e-type=\"column\">\n\t\t\t<div class=\"elementor-widget-wrap elementor-element-populated\">\n\t\t\t\t\t\t<div class=\"elementor-element elementor-element-e6ecb85 elementor-widget__width-initial elementor-widget elementor-widget-heading\" data-id=\"e6ecb85\" data-element_type=\"widget\" data-e-type=\"widget\" data-widget_type=\"heading.default\">\n\t\t\t\t<div class=\"elementor-widget-container\">\n\t\t\t\t\t<h2 class=\"elementor-heading-title elementor-size-default\">Valpack d.o.o.<\/h2>\t\t\t\t<\/div>\n\t\t\t\t<\/div>\n\t\t\t\t<div class=\"elementor-element elementor-element-ffaf381 elementor-widget__width-initial elementor-widget elementor-widget-text-editor\" data-id=\"ffaf381\" data-element_type=\"widget\" data-e-type=\"widget\" data-widget_type=\"text-editor.default\">\n\t\t\t\t<div class=\"elementor-widget-container\">\n\t\t\t\t\t\t\t\t\t<p>Podjetje Valpack d.o.o. se ukvarja z zastopanjem svetovnih podjetij, ki se ukvarjajo s proizvodnjo strojev v procesu, proizvodnjo in pakiranju v farmacevtski, kemi\u010dni in \u017eivilski industriji. Na\u0161a naloga je avtomatizirati proizvodnjo in pove\u010dati u\u010dinkovitost industrijske proizvodnje.<\/p>\n<p>Na podro\u010dju trdnih oblik v farmacevtski industriji se osredoto\u010damo na stroje za me\u0161anje farmacevtskih pra\u0161kov, granulacijo, tabletiranje, oblaganje tablet, kapsuliranje in tehtanje kapsul in tablet ter pripadajo\u010do opremo.<\/p>\n<p>Iz sterilne farmacevtske embala\u017ee se ukvarjamo s pihanjem, pranjem, sterilizacijo, polnjenjem, liofilizacijo in zapiranjem steklenic, vial in injekcij ter spremljajo\u010de opreme.<\/p>\n<p>Od specialne opreme v farmacevtski proizvodnji ponujamo avtomatizirane stroje za mikrodoziranje pra\u0161kov, sestavljanje inhalatorjev in injektorjev, izdelavo transdermalnih in oralnih filmov z ali brez u\u010dinkovine, stroje za izdelavo kirur\u0161kih igel in niti ter drugo opremo.<\/p>\n<p>Drugo specializirano opremo, ki jo ponujamo, sestavljajo stroji za izdelavo kapsul za detergente, robotske aplikacije in zaklju\u010dno pakiranje v transportne \u0161katle vseh vrst.<\/p>\n<p>Za podrobnej\u0161i pregled obi\u0161\u010dite strani na\u0161ih partnerjev in prinicipalov: LB Bohle, Fette Compacting, Harro H\u00f6fliger, Dara Pharmaceutical Packaging i ETT Verpackungstechnick<\/p>\n<p>Trgi, ki jih pokrivamo, so: Hrva\u0161ka, Slovenija, Bosna in Hercegovina, Srbija in Makedonija.<\/p>\n\t\t\t\t\t\t\t\t<\/div>\n\t\t\t\t<\/div>\n\t\t\t\t\t<\/div>\n\t\t<\/div>\n\t\t\t\t<div class=\"elementor-column elementor-col-50 elementor-top-column elementor-element elementor-element-28de484\" data-id=\"28de484\" data-element_type=\"column\" data-e-type=\"column\">\n\t\t\t<div class=\"elementor-widget-wrap elementor-element-populated\">\n\t\t\t\t\t\t<div class=\"elementor-element elementor-element-d840c6f elementor-widget elementor-widget-image\" data-id=\"d840c6f\" data-element_type=\"widget\" data-e-type=\"widget\" data-widget_type=\"image.default\">\n\t\t\t\t<div class=\"elementor-widget-container\">\n\t\t\t\t\t\t\t\t\t\t\t\t\t\t\t<img fetchpriority=\"high\" decoding=\"async\" width=\"800\" height=\"423\" src=\"https:\/\/valpack.hr\/wp-content\/uploads\/2022\/01\/Bitmap-1024x542.jpg\" class=\"attachment-large size-large wp-image-406\" alt=\"\" srcset=\"https:\/\/valpack.hr\/wp-content\/uploads\/2022\/01\/Bitmap-1024x542.jpg 1024w, https:\/\/valpack.hr\/wp-content\/uploads\/2022\/01\/Bitmap-300x159.jpg 300w, https:\/\/valpack.hr\/wp-content\/uploads\/2022\/01\/Bitmap-768x406.jpg 768w, https:\/\/valpack.hr\/wp-content\/uploads\/2022\/01\/Bitmap.jpg 1142w\" sizes=\"(max-width: 800px) 100vw, 800px\" \/>\t\t\t\t\t\t\t\t\t\t\t\t\t\t\t<\/div>\n\t\t\t\t<\/div>\n\t\t\t\t\t<\/div>\n\t\t<\/div>\n\t\t\t\t\t<\/div>\n\t\t<\/section>\n\t\t\t\t<\/div>\n\t\t","protected":false},"excerpt":{"rendered":"<p>Valpack d.o.o. Podjetje Valpack d.o.o. se ukvarja z zastopanjem svetovnih podjetij, ki se ukvarjajo s proizvodnjo strojev v procesu, proizvodnjo in pakiranju v farmacevtski, kemi\u010dni in \u017eivilski industriji. Na\u0161a naloga je avtomatizirati proizvodnjo in pove\u010dati u\u010dinkovitost industrijske proizvodnje. Na podro\u010dju trdnih oblik v farmacevtski industriji se osredoto\u010damo na stroje za me\u0161anje farmacevtskih pra\u0161kov, granulacijo, tabletiranje, [&hellip;]<\/p>\n","protected":false},"author":1,"featured_media":0,"parent":0,"menu_order":1,"comment_status":"closed","ping_status":"closed","template":"","meta":{"footnotes":""},"class_list":["post-422","page","type-page","status-publish","hentry"],"_links":{"self":[{"href":"https:\/\/valpack.hr\/sl\/wp-json\/wp\/v2\/pages\/422","targetHints":{"allow":["GET"]}}],"collection":[{"href":"https:\/\/valpack.hr\/sl\/wp-json\/wp\/v2\/pages"}],"about":[{"href":"https:\/\/valpack.hr\/sl\/wp-json\/wp\/v2\/types\/page"}],"author":[{"embeddable":true,"href":"https:\/\/valpack.hr\/sl\/wp-json\/wp\/v2\/users\/1"}],"replies":[{"embeddable":true,"href":"https:\/\/valpack.hr\/sl\/wp-json\/wp\/v2\/comments?post=422"}],"version-history":[{"count":1,"href":"https:\/\/valpack.hr\/sl\/wp-json\/wp\/v2\/pages\/422\/revisions"}],"predecessor-version":[{"id":423,"href":"https:\/\/valpack.hr\/sl\/wp-json\/wp\/v2\/pages\/422\/revisions\/423"}],"wp:attachment":[{"href":"https:\/\/valpack.hr\/sl\/wp-json\/wp\/v2\/media?parent=422"}],"curies":[{"name":"wp","href":"https:\/\/api.w.org\/{rel}","templated":true}]}}